{"id":180,"date":"2020-09-17T01:12:33","date_gmt":"2020-09-17T01:12:33","guid":{"rendered":"http:\/\/histeria.dev.br\/about\/"},"modified":"2025-06-11T10:55:27","modified_gmt":"2025-06-11T13:55:27","slug":"about","status":"publish","type":"page","link":"https:\/\/histeria.studio\/pt\/about\/","title":{"rendered":"About"},"content":{"rendered":"<div data-elementor-type=\"wp-page\" data-elementor-id=\"180\" class=\"elementor elementor-180\" data-elementor-post-type=\"page\">\n\t\t\t\t\t\t<section class=\"elementor-section elementor-top-section elementor-element elementor-element-03e9a0c elementor-section-full_width elementor-section-height-min-height elementor-section-height-default elementor-section-items-middle\" data-id=\"03e9a0c\" data-element_type=\"section\" data-e-type=\"section\">\n\t\t\t\t\t\t\t<div class=\"elementor-background-overlay\"><\/div>\n\t\t\t\t\t\t\t<div class=\"elementor-container elementor-column-gap-default\">\n\t\t\t\t\t<div class=\"elementor-column elementor-col-100 elementor-top-column elementor-element elementor-element-41878e9\" data-id=\"41878e9\" data-element_type=\"column\" data-e-type=\"column\">\n\t\t\t<div class=\"elementor-widget-wrap\">\n\t\t\t\t\t\t\t<\/div>\n\t\t<\/div>\n\t\t\t\t\t<\/div>\n\t\t<\/section>\n\t\t\t\t<section class=\"elementor-section elementor-top-section elementor-element elementor-element-07089e5 elementor-section-full_width elementor-section-content-middle about_blockabout elementor-section-height-default elementor-section-height-default\" data-id=\"07089e5\" data-element_type=\"section\" data-e-type=\"section\">\n\t\t\t\t\t\t<div class=\"elementor-container elementor-column-gap-default\">\n\t\t\t\t\t<div class=\"elementor-column elementor-col-33 elementor-top-column elementor-element elementor-element-22a729b\" data-id=\"22a729b\" data-element_type=\"column\" data-e-type=\"column\">\n\t\t\t<div class=\"elementor-widget-wrap elementor-element-populated\">\n\t\t\t\t\t\t<div class=\"elementor-element elementor-element-4f5349f elementor-widget elementor-widget-image\" data-id=\"4f5349f\" data-element_type=\"widget\" data-e-type=\"widget\" data-widget_type=\"image.default\">\n\t\t\t\t\t\t\t\t\t\t\t\t\t\t\t<img fetchpriority=\"high\" decoding=\"async\" width=\"360\" height=\"202\" src=\"https:\/\/histeria.studio\/wp-content\/uploads\/2022\/08\/Say_Hi_359x201_about.png\" class=\"attachment-large size-large wp-image-2900\" alt=\"\" srcset=\"https:\/\/histeria.studio\/wp-content\/uploads\/2022\/08\/Say_Hi_359x201_about.png 360w, https:\/\/histeria.studio\/wp-content\/uploads\/2022\/08\/Say_Hi_359x201_about-300x168.png 300w, https:\/\/histeria.studio\/wp-content\/uploads\/2022\/08\/Say_Hi_359x201_about-18x10.png 18w\" sizes=\"(max-width: 360px) 100vw, 360px\" \/>\t\t\t\t\t\t\t\t\t\t\t\t\t\t\t<\/div>\n\t\t\t\t\t<\/div>\n\t\t<\/div>\n\t\t\t\t<div class=\"elementor-column elementor-col-66 elementor-top-column elementor-element elementor-element-70a960a\" data-id=\"70a960a\" data-element_type=\"column\" data-e-type=\"column\">\n\t\t\t<div class=\"elementor-widget-wrap elementor-element-populated\">\n\t\t\t\t\t\t<div class=\"elementor-element elementor-element-67316d9 elementor-widget elementor-widget-text-editor\" data-id=\"67316d9\" data-element_type=\"widget\" data-e-type=\"widget\" data-widget_type=\"text-editor.default\">\n\t\t\t\t\t\t\t\t\t<p><img decoding=\"async\" class=\"alignnone size-full wp-image-817\" src=\"http:\/\/histeria.dev.br\/wp-content\/uploads\/2022\/03\/aboutustitle.png\" alt=\"\" width=\"180\" height=\"20\" srcset=\"https:\/\/histeria.studio\/wp-content\/uploads\/2022\/03\/aboutustitle.png 180w, https:\/\/histeria.studio\/wp-content\/uploads\/2022\/03\/aboutustitle-18x2.png 18w\" sizes=\"(max-width: 180px) 100vw, 180px\" \/><br \/><br \/><\/p><p><b>Histeria! \u00e9 um est\u00fadio de produ\u00e7\u00e3o criativa baseado em S\u00e3o Paulo e fundado em 2013.<\/b><\/p><p><span style=\"font-weight: 400;\">Nosso neg\u00f3cio \u00e9 contar hist\u00f3rias incr\u00edveis, seja em publicidade, entretenimento ou games, porque acreditamos ferozmente que narrativas s\u00e3o a base de nossos valores e comportamentos. \u00c9, nesse n\u00edvel.<\/span><\/p><p><span style=\"font-weight: 400;\">Somos especialistas (sem sermos limitados) em anima\u00e7\u00e3o, seja 2D, 3D, VFX ou de qualquer tipo. Tamb\u00e9m nos especializamos em fazer grandes clientes felizes, como Riot Games, Garena, Google, Netflix, Area 23, JWT, CP+B e tantos outros.<\/span><\/p><p><span style=\"font-weight: 400;\">Nossa pira est\u00e1 tanto em criar conceitos e roteiros do zero quanto em desenvolver e polir essas ideias at\u00e9 virarem uma linda e reluzente entrega final, coisa que fazemos utilizando nossa equipe de artistas com sede de inovar, bem como uma rede de parceiros multidisciplinares que trabalham sob nossa dire\u00e7\u00e3o criativa.<\/span><br \/><\/p>\t\t\t\t\t\t\t\t<\/div>\n\t\t\t\t\t<\/div>\n\t\t<\/div>\n\t\t\t\t\t<\/div>\n\t\t<\/section>\n\t\t\t\t<\/div>","protected":false},"excerpt":{"rendered":"","protected":false},"author":1,"featured_media":0,"parent":0,"menu_order":0,"comment_status":"closed","ping_status":"closed","template":"","meta":{"site-sidebar-layout":"no-sidebar","site-content-layout":"page-builder","ast-site-content-layout":"","site-content-style":"default","site-sidebar-style":"default","ast-global-header-display":"","ast-banner-title-visibility":"","ast-main-header-display":"","ast-hfb-above-header-display":"","ast-hfb-below-header-display":"","ast-hfb-mobile-header-display":"","site-post-title":"disabled","ast-breadcrumbs-content":"","ast-featured-img":"disabled","footer-sml-layout":"","theme-transparent-header-meta":"enabled","adv-header-id-meta":"","stick-header-meta":"","header-above-stick-meta":"","header-main-stick-meta":"","header-below-stick-meta":"","astra-migrate-meta-layouts":"default","ast-page-background-enabled":"default","ast-page-background-meta":{"desktop":{"background-color":"","background-image":"","background-repeat":"repeat","background-position":"center center","background-size":"auto","background-attachment":"scroll","background-type":"","background-media":"","overlay-type":"","overlay-color":"","overlay-opacity":"","overlay-gradient":""},"tablet":{"background-color":"","background-image":"","background-repeat":"repeat","background-position":"center center","background-size":"auto","background-attachment":"scroll","background-type":"","background-media":"","overlay-type":"","overlay-color":"","overlay-opacity":"","overlay-gradient":""},"mobile":{"background-color":"","background-image":"","background-repeat":"repeat","background-position":"center center","background-size":"auto","background-attachment":"scroll","background-type":"","background-media":"","overlay-type":"","overlay-color":"","overlay-opacity":"","overlay-gradient":""}},"ast-content-background-meta":{"desktop":{"background-color":"var(--ast-global-color-5)","background-image":"","background-repeat":"repeat","background-position":"center center","background-size":"auto","background-attachment":"scroll","background-type":"","background-media":"","overlay-type":"","overlay-color":"","overlay-opacity":"","overlay-gradient":""},"tablet":{"background-color":"var(--ast-global-color-5)","background-image":"","background-repeat":"repeat","background-position":"center center","background-size":"auto","background-attachment":"scroll","background-type":"","background-media":"","overlay-type":"","overlay-color":"","overlay-opacity":"","overlay-gradient":""},"mobile":{"background-color":"var(--ast-global-color-5)","background-image":"","background-repeat":"repeat","background-position":"center center","background-size":"auto","background-attachment":"scroll","background-type":"","background-media":"","overlay-type":"","overlay-color":"","overlay-opacity":"","overlay-gradient":""}},"footnotes":""},"class_list":["post-180","page","type-page","status-publish","hentry"],"yoast_head":"<!-- This site is optimized with the Yoast SEO plugin v27.5 - https:\/\/yoast.com\/product\/yoast-seo-wordpress\/ -->\n<title>About - Histeria!<\/title>\n<meta name=\"robots\" content=\"index, follow, max-snippet:-1, max-image-preview:large, max-video-preview:-1\" \/>\n<link rel=\"canonical\" href=\"https:\/\/histeria.studio\/pt\/about\/\" \/>\n<meta property=\"og:locale\" content=\"pt_BR\" \/>\n<meta property=\"og:type\" content=\"article\" \/>\n<meta property=\"og:title\" content=\"About - Histeria!\" \/>\n<meta property=\"og:url\" content=\"https:\/\/histeria.studio\/pt\/about\/\" \/>\n<meta property=\"og:site_name\" content=\"Histeria!\" \/>\n<meta property=\"article:modified_time\" content=\"2025-06-11T13:55:27+00:00\" \/>\n<meta property=\"og:image\" content=\"https:\/\/histeria.studio\/wp-content\/uploads\/2022\/08\/Say_Hi_359x201_about.png\" \/>\n\t<meta property=\"og:image:width\" content=\"360\" \/>\n\t<meta property=\"og:image:height\" content=\"202\" \/>\n\t<meta property=\"og:image:type\" content=\"image\/png\" \/>\n<meta name=\"twitter:card\" content=\"summary_large_image\" \/>\n<meta name=\"twitter:label1\" content=\"Est. tempo de leitura\" \/>\n\t<meta name=\"twitter:data1\" content=\"1 minuto\" \/>\n<script type=\"application\/ld+json\" class=\"yoast-schema-graph\">{\"@context\":\"https:\\\/\\\/schema.org\",\"@graph\":[{\"@type\":\"WebPage\",\"@id\":\"https:\\\/\\\/histeria.studio\\\/about\\\/\",\"url\":\"https:\\\/\\\/histeria.studio\\\/about\\\/\",\"name\":\"About - Histeria!\",\"isPartOf\":{\"@id\":\"https:\\\/\\\/histeria.studio\\\/#website\"},\"primaryImageOfPage\":{\"@id\":\"https:\\\/\\\/histeria.studio\\\/about\\\/#primaryimage\"},\"image\":{\"@id\":\"https:\\\/\\\/histeria.studio\\\/about\\\/#primaryimage\"},\"thumbnailUrl\":\"https:\\\/\\\/histeria.studio\\\/wp-content\\\/uploads\\\/2022\\\/08\\\/Say_Hi_359x201_about.png\",\"datePublished\":\"2020-09-17T01:12:33+00:00\",\"dateModified\":\"2025-06-11T13:55:27+00:00\",\"breadcrumb\":{\"@id\":\"https:\\\/\\\/histeria.studio\\\/about\\\/#breadcrumb\"},\"inLanguage\":\"pt-BR\",\"potentialAction\":[{\"@type\":\"ReadAction\",\"target\":[\"https:\\\/\\\/histeria.studio\\\/about\\\/\"]}]},{\"@type\":\"ImageObject\",\"inLanguage\":\"pt-BR\",\"@id\":\"https:\\\/\\\/histeria.studio\\\/about\\\/#primaryimage\",\"url\":\"https:\\\/\\\/histeria.studio\\\/wp-content\\\/uploads\\\/2022\\\/08\\\/Say_Hi_359x201_about.png\",\"contentUrl\":\"https:\\\/\\\/histeria.studio\\\/wp-content\\\/uploads\\\/2022\\\/08\\\/Say_Hi_359x201_about.png\"},{\"@type\":\"BreadcrumbList\",\"@id\":\"https:\\\/\\\/histeria.studio\\\/about\\\/#breadcrumb\",\"itemListElement\":[{\"@type\":\"ListItem\",\"position\":1,\"name\":\"In\u00edcio\",\"item\":\"https:\\\/\\\/histeria.studio\\\/\"},{\"@type\":\"ListItem\",\"position\":2,\"name\":\"About\"}]},{\"@type\":\"WebSite\",\"@id\":\"https:\\\/\\\/histeria.studio\\\/#website\",\"url\":\"https:\\\/\\\/histeria.studio\\\/\",\"name\":\"Histeria!\",\"description\":\"Histeria!\",\"potentialAction\":[{\"@type\":\"SearchAction\",\"target\":{\"@type\":\"EntryPoint\",\"urlTemplate\":\"https:\\\/\\\/histeria.studio\\\/?s={search_term_string}\"},\"query-input\":{\"@type\":\"PropertyValueSpecification\",\"valueRequired\":true,\"valueName\":\"search_term_string\"}}],\"inLanguage\":\"pt-BR\"}]}<\/script>\n<!-- \/ Yoast SEO plugin. -->","yoast_head_json":{"title":"About - Histeria!","robots":{"index":"index","follow":"follow","max-snippet":"max-snippet:-1","max-image-preview":"max-image-preview:large","max-video-preview":"max-video-preview:-1"},"canonical":"https:\/\/histeria.studio\/pt\/about\/","og_locale":"pt_BR","og_type":"article","og_title":"About - Histeria!","og_url":"https:\/\/histeria.studio\/pt\/about\/","og_site_name":"Histeria!","article_modified_time":"2025-06-11T13:55:27+00:00","og_image":[{"width":360,"height":202,"url":"https:\/\/histeria.studio\/wp-content\/uploads\/2022\/08\/Say_Hi_359x201_about.png","type":"image\/png"}],"twitter_card":"summary_large_image","twitter_misc":{"Est. tempo de leitura":"1 minuto"},"schema":{"@context":"https:\/\/schema.org","@graph":[{"@type":"WebPage","@id":"https:\/\/histeria.studio\/about\/","url":"https:\/\/histeria.studio\/about\/","name":"About - Histeria!","isPartOf":{"@id":"https:\/\/histeria.studio\/#website"},"primaryImageOfPage":{"@id":"https:\/\/histeria.studio\/about\/#primaryimage"},"image":{"@id":"https:\/\/histeria.studio\/about\/#primaryimage"},"thumbnailUrl":"https:\/\/histeria.studio\/wp-content\/uploads\/2022\/08\/Say_Hi_359x201_about.png","datePublished":"2020-09-17T01:12:33+00:00","dateModified":"2025-06-11T13:55:27+00:00","breadcrumb":{"@id":"https:\/\/histeria.studio\/about\/#breadcrumb"},"inLanguage":"pt-BR","potentialAction":[{"@type":"ReadAction","target":["https:\/\/histeria.studio\/about\/"]}]},{"@type":"ImageObject","inLanguage":"pt-BR","@id":"https:\/\/histeria.studio\/about\/#primaryimage","url":"https:\/\/histeria.studio\/wp-content\/uploads\/2022\/08\/Say_Hi_359x201_about.png","contentUrl":"https:\/\/histeria.studio\/wp-content\/uploads\/2022\/08\/Say_Hi_359x201_about.png"},{"@type":"BreadcrumbList","@id":"https:\/\/histeria.studio\/about\/#breadcrumb","itemListElement":[{"@type":"ListItem","position":1,"name":"In\u00edcio","item":"https:\/\/histeria.studio\/"},{"@type":"ListItem","position":2,"name":"About"}]},{"@type":"WebSite","@id":"https:\/\/histeria.studio\/#website","url":"https:\/\/histeria.studio\/","name":"Histeria!","description":"Histeria!","potentialAction":[{"@type":"SearchAction","target":{"@type":"EntryPoint","urlTemplate":"https:\/\/histeria.studio\/?s={search_term_string}"},"query-input":{"@type":"PropertyValueSpecification","valueRequired":true,"valueName":"search_term_string"}}],"inLanguage":"pt-BR"}]}},"_links":{"self":[{"href":"https:\/\/histeria.studio\/pt\/wp-json\/wp\/v2\/pages\/180","targetHints":{"allow":["GET"]}}],"collection":[{"href":"https:\/\/histeria.studio\/pt\/wp-json\/wp\/v2\/pages"}],"about":[{"href":"https:\/\/histeria.studio\/pt\/wp-json\/wp\/v2\/types\/page"}],"author":[{"embeddable":true,"href":"https:\/\/histeria.studio\/pt\/wp-json\/wp\/v2\/users\/1"}],"replies":[{"embeddable":true,"href":"https:\/\/histeria.studio\/pt\/wp-json\/wp\/v2\/comments?post=180"}],"version-history":[{"count":20,"href":"https:\/\/histeria.studio\/pt\/wp-json\/wp\/v2\/pages\/180\/revisions"}],"predecessor-version":[{"id":3886,"href":"https:\/\/histeria.studio\/pt\/wp-json\/wp\/v2\/pages\/180\/revisions\/3886"}],"wp:attachment":[{"href":"https:\/\/histeria.studio\/pt\/wp-json\/wp\/v2\/media?parent=180"}],"curies":[{"name":"wp","href":"https:\/\/api.w.org\/{rel}","templated":true}]}}